{"id":18,"date":"2023-04-18T15:27:14","date_gmt":"2023-04-18T13:27:14","guid":{"rendered":"http:\/\/www.hotelnepomuk.cz\/?page_id=18"},"modified":"2023-08-02T14:40:12","modified_gmt":"2023-08-02T12:40:12","slug":"pivovar","status":"publish","type":"page","link":"https:\/\/www.hotelnepomuk.cz\/en\/pivovar\/","title":{"rendered":"Brewery"},"content":{"rendered":"<div data-elementor-type=\"wp-page\" data-elementor-id=\"18\" class=\"elementor elementor-18\">\n\t\t\t\t\t\t\t\t\t<section class=\"elementor-section elementor-top-section elementor-element elementor-element-27d5807 elementor-section-height-min-height elementor-section-boxed elementor-section-height-default elementor-section-items-middle\" data-id=\"27d5807\" data-element_type=\"section\">\n\t\t\t\t\t\t<div class=\"elementor-container elementor-column-gap-default\">\n\t\t\t\t\t<div class=\"elementor-column elementor-col-100 elementor-top-column elementor-element elementor-element-b742d92 ph-box\" data-id=\"b742d92\" data-element_type=\"column\">\n\t\t\t<div class=\"elementor-widget-wrap elementor-element-populated\">\n\t\t\t\t\t\t\t\t<div class=\"elementor-element elementor-element-f98c018 elementor-widget elementor-widget-text-editor\" data-id=\"f98c018\" data-element_type=\"widget\" data-widget_type=\"text-editor.default\">\n\t\t\t\t<div class=\"elementor-widget-container\">\n\t\t\t<style>\/*! elementor - v3.15.0 - 31-07-2023 *\/\n.elementor-widget-text-editor.elementor-drop-cap-view-stacked .elementor-drop-cap{background-color:#69727d;color:#fff}.elementor-widget-text-editor.elementor-drop-cap-view-framed .elementor-drop-cap{color:#69727d;border:3px solid;background-color:transparent}.elementor-widget-text-editor:not(.elementor-drop-cap-view-default) .elementor-drop-cap{margin-top:8px}.elementor-widget-text-editor:not(.elementor-drop-cap-view-default) .elementor-drop-cap-letter{width:1em;height:1em}.elementor-widget-text-editor .elementor-drop-cap{float:left;text-align:center;line-height:1;font-size:50px}.elementor-widget-text-editor .elementor-drop-cap-letter{display:inline-block}<\/style>\t\t\t\t<span class=\"font-hero\">ABOUT THE BREWERY<\/span>\n\n<hr \/>\t\t\t\t\t\t<\/div>\n\t\t\t\t<\/div>\n\t\t\t\t<div class=\"elementor-element elementor-element-41401e5 elementor-widget elementor-widget-text-editor\" data-id=\"41401e5\" data-element_type=\"widget\" data-widget_type=\"text-editor.default\">\n\t\t\t\t<div class=\"elementor-widget-container\">\n\t\t\t\t\t\t\t<span class=\"font-main-regular\">Part of our hotel area is also a family mini brewery Zlat\u00e1 kr\u00e1va. We are farmers who, not only because of their love for beer, but also because of their long-standing presence in gastronomy, decided to restore the charm of the local, almost forgotten brewery in Nepomuk. The vision is to brew beer from quality ingredients, to deliver it to customers in the best quality and to be available not only in the Czech Republic. We want to achieve this mainly through our rich experience in gastronomy, farming and marketing.<\/span>\t\t\t\t\t\t<\/div>\n\t\t\t\t<\/div>\n\t\t\t\t\t<\/div>\n\t\t<\/div>\n\t\t\t\t\t\t\t<\/div>\n\t\t<\/section>\n\t\t\t\t<section class=\"elementor-section elementor-top-section elementor-element elementor-element-a32023a section-content elementor-section-boxed elementor-section-height-default elementor-section-height-default\" data-id=\"a32023a\" data-element_type=\"section\">\n\t\t\t\t\t\t<div class=\"elementor-container elementor-column-gap-default\">\n\t\t\t\t\t<div class=\"elementor-column elementor-col-100 elementor-top-column elementor-element elementor-element-432e188 content-box\" data-id=\"432e188\" data-element_type=\"column\">\n\t\t\t<div class=\"elementor-widget-wrap elementor-element-populated\">\n\t\t\t\t\t\t\t\t<section class=\"elementor-section elementor-inner-section elementor-element elementor-element-6a859b1 elementor-section-boxed elementor-section-height-default elementor-section-height-default\" data-id=\"6a859b1\" data-element_type=\"section\">\n\t\t\t\t\t\t<div class=\"elementor-container elementor-column-gap-default\">\n\t\t\t\t\t<div class=\"elementor-column elementor-col-50 elementor-inner-column elementor-element elementor-element-50e348f text-box-left text-box\" data-id=\"50e348f\" data-element_type=\"column\">\n\t\t\t<div class=\"elementor-widget-wrap elementor-element-populated\">\n\t\t\t\t\t\t\t\t<div class=\"elementor-element elementor-element-0e2d186 text-box elementor-widget elementor-widget-text-editor\" data-id=\"0e2d186\" data-element_type=\"widget\" data-widget_type=\"text-editor.default\">\n\t\t\t\t<div class=\"elementor-widget-container\">\n\t\t\t\t\t\t\t<h1 class=\"font-hero\">How it began<\/h1>\n\n<hr \/>\n<p class=\"text-box-paragraph\">At the beginning of this beer journey we are two families - the Sochor and the Sladek families. Together we started a family project in 2018 - the Golden Cow Brewery. We brew bottom-fermented and top-fermented beers and specials under the guidance of our brewer \u017daneta Petru\u017e\u00e1lkov\u00e1.<\/p>\nThe roots of the Zlat\u00e1 kr\u00e1va brewery go back to the second half of the 19th century, where the Turks' Brewery originally stood on this site. In 1938, the building even served as a bottling plant for the Pilsner brewery. We bought the dilapidated building from the original owner, Ferdinand Jiskra, who at the age of 84 oversaw the first batch of Zlat\u00e1 kr\u00e1va beer brewed. The semi-dark 13 Jiskra is now brewed in his honour.\t\t\t\t\t\t<\/div>\n\t\t\t\t<\/div>\n\t\t\t\t\t<\/div>\n\t\t<\/div>\n\t\t\t\t<div class=\"elementor-column elementor-col-50 elementor-inner-column elementor-element elementor-element-710daa5\" data-id=\"710daa5\" data-element_type=\"column\">\n\t\t\t<div class=\"elementor-widget-wrap elementor-element-populated\">\n\t\t\t\t\t\t\t\t<div class=\"elementor-element elementor-element-e159953 elementor-widget elementor-widget-image\" data-id=\"e159953\" data-element_type=\"widget\" data-widget_type=\"image.default\">\n\t\t\t\t<div class=\"elementor-widget-container\">\n\t\t\t<style>\/*! elementor - v3.15.0 - 31-07-2023 *\/\n.elementor-widget-image{text-align:center}.elementor-widget-image a{display:inline-block}.elementor-widget-image a img[src$=\".svg\"]{width:48px}.elementor-widget-image img{vertical-align:middle;display:inline-block}<\/style>\t\t\t\t\t\t\t\t\t\t\t\t<img loading=\"lazy\" decoding=\"async\" width=\"800\" height=\"533\" src=\"https:\/\/www.hotelnepomuk.cz\/wp-content\/uploads\/2023\/04\/68b788c4-f8d1-4000-a275-275676270d83-1024x682.jpg\" class=\"attachment-large size-large wp-image-471\" alt=\"\" srcset=\"https:\/\/www.hotelnepomuk.cz\/wp-content\/uploads\/2023\/04\/68b788c4-f8d1-4000-a275-275676270d83-1024x682.jpg 1024w, https:\/\/www.hotelnepomuk.cz\/wp-content\/uploads\/2023\/04\/68b788c4-f8d1-4000-a275-275676270d83-300x200.jpg 300w, https:\/\/www.hotelnepomuk.cz\/wp-content\/uploads\/2023\/04\/68b788c4-f8d1-4000-a275-275676270d83-768x511.jpg 768w, https:\/\/www.hotelnepomuk.cz\/wp-content\/uploads\/2023\/04\/68b788c4-f8d1-4000-a275-275676270d83-1536x1022.jpg 1536w, https:\/\/www.hotelnepomuk.cz\/wp-content\/uploads\/2023\/04\/68b788c4-f8d1-4000-a275-275676270d83-2048x1363.jpg 2048w\" sizes=\"auto, (max-width: 800px) 100vw, 800px\" \/>\t\t\t\t\t\t\t\t\t\t\t\t\t\t\t<\/div>\n\t\t\t\t<\/div>\n\t\t\t\t<div class=\"elementor-element elementor-element-cb76d4b elementor-widget elementor-widget-image\" data-id=\"cb76d4b\" data-element_type=\"widget\" data-widget_type=\"image.default\">\n\t\t\t\t<div class=\"elementor-widget-container\">\n\t\t\t\t\t\t\t\t\t\t\t\t\t\t\t<img loading=\"lazy\" decoding=\"async\" width=\"800\" height=\"499\" src=\"https:\/\/www.hotelnepomuk.cz\/wp-content\/uploads\/2023\/04\/e6873e81-ddfb-4027-90b8-a49b5b71377c-1024x639.jpg\" class=\"attachment-large size-large wp-image-470\" alt=\"\" srcset=\"https:\/\/www.hotelnepomuk.cz\/wp-content\/uploads\/2023\/04\/e6873e81-ddfb-4027-90b8-a49b5b71377c-1024x639.jpg 1024w, https:\/\/www.hotelnepomuk.cz\/wp-content\/uploads\/2023\/04\/e6873e81-ddfb-4027-90b8-a49b5b71377c-300x187.jpg 300w, https:\/\/www.hotelnepomuk.cz\/wp-content\/uploads\/2023\/04\/e6873e81-ddfb-4027-90b8-a49b5b71377c-768x479.jpg 768w, https:\/\/www.hotelnepomuk.cz\/wp-content\/uploads\/2023\/04\/e6873e81-ddfb-4027-90b8-a49b5b71377c-1536x959.jpg 1536w, https:\/\/www.hotelnepomuk.cz\/wp-content\/uploads\/2023\/04\/e6873e81-ddfb-4027-90b8-a49b5b71377c-2048x1278.jpg 2048w\" sizes=\"auto, (max-width: 800px) 100vw, 800px\" \/>\t\t\t\t\t\t\t\t\t\t\t\t\t\t\t<\/div>\n\t\t\t\t<\/div>\n\t\t\t\t\t<\/div>\n\t\t<\/div>\n\t\t\t\t\t\t\t<\/div>\n\t\t<\/section>\n\t\t\t\t\t<\/div>\n\t\t<\/div>\n\t\t\t\t\t\t\t<\/div>\n\t\t<\/section>\n\t\t\t\t<section class=\"elementor-section elementor-top-section elementor-element elementor-element-d3ad19b section-content elementor-section-boxed elementor-section-height-default elementor-section-height-default\" data-id=\"d3ad19b\" data-element_type=\"section\">\n\t\t\t\t\t\t<div class=\"elementor-container elementor-column-gap-default\">\n\t\t\t\t\t<div class=\"elementor-column elementor-col-100 elementor-top-column elementor-element elementor-element-c6bd61c content-box\" data-id=\"c6bd61c\" data-element_type=\"column\">\n\t\t\t<div class=\"elementor-widget-wrap elementor-element-populated\">\n\t\t\t\t\t\t\t\t<section class=\"elementor-section elementor-inner-section elementor-element elementor-element-0809883 elementor-section-boxed elementor-section-height-default elementor-section-height-default\" data-id=\"0809883\" data-element_type=\"section\">\n\t\t\t\t\t\t<div class=\"elementor-container elementor-column-gap-default\">\n\t\t\t\t\t<div class=\"elementor-column elementor-col-50 elementor-inner-column elementor-element elementor-element-cd1a8e0\" data-id=\"cd1a8e0\" data-element_type=\"column\">\n\t\t\t<div class=\"elementor-widget-wrap elementor-element-populated\">\n\t\t\t\t\t\t\t\t<div class=\"elementor-element elementor-element-b9b72ef elementor-widget elementor-widget-image\" data-id=\"b9b72ef\" data-element_type=\"widget\" data-widget_type=\"image.default\">\n\t\t\t\t<div class=\"elementor-widget-container\">\n\t\t\t\t\t\t\t\t\t\t\t\t\t\t\t<img loading=\"lazy\" decoding=\"async\" width=\"800\" height=\"600\" src=\"https:\/\/www.hotelnepomuk.cz\/wp-content\/uploads\/2023\/04\/7fdf4c8c-f40a-4fb6-ac74-00e15ae00cc1-1024x768.jpeg\" class=\"attachment-large size-large wp-image-469\" alt=\"\" srcset=\"https:\/\/www.hotelnepomuk.cz\/wp-content\/uploads\/2023\/04\/7fdf4c8c-f40a-4fb6-ac74-00e15ae00cc1-1024x768.jpeg 1024w, https:\/\/www.hotelnepomuk.cz\/wp-content\/uploads\/2023\/04\/7fdf4c8c-f40a-4fb6-ac74-00e15ae00cc1-300x225.jpeg 300w, https:\/\/www.hotelnepomuk.cz\/wp-content\/uploads\/2023\/04\/7fdf4c8c-f40a-4fb6-ac74-00e15ae00cc1-768x576.jpeg 768w, https:\/\/www.hotelnepomuk.cz\/wp-content\/uploads\/2023\/04\/7fdf4c8c-f40a-4fb6-ac74-00e15ae00cc1-1536x1152.jpeg 1536w, https:\/\/www.hotelnepomuk.cz\/wp-content\/uploads\/2023\/04\/7fdf4c8c-f40a-4fb6-ac74-00e15ae00cc1-2048x1536.jpeg 2048w\" sizes=\"auto, (max-width: 800px) 100vw, 800px\" \/>\t\t\t\t\t\t\t\t\t\t\t\t\t\t\t<\/div>\n\t\t\t\t<\/div>\n\t\t\t\t\t<\/div>\n\t\t<\/div>\n\t\t\t\t<div class=\"elementor-column elementor-col-50 elementor-inner-column elementor-element elementor-element-d49efe1 text-box-right text-box\" data-id=\"d49efe1\" data-element_type=\"column\">\n\t\t\t<div class=\"elementor-widget-wrap elementor-element-populated\">\n\t\t\t\t\t\t\t\t<div class=\"elementor-element elementor-element-4c6231f text-box elementor-widget elementor-widget-text-editor\" data-id=\"4c6231f\" data-element_type=\"widget\" data-widget_type=\"text-editor.default\">\n\t\t\t\t<div class=\"elementor-widget-container\">\n\t\t\t\t\t\t\t<h1 class=\"font-hero\">Brewery area<\/h1>\n\n<hr \/>\n<p class=\"text-box-paragraph\">3. December 2018, the renovated brewery, whose history dates back to 1876, opened to the public. The brewery, located under the Zelen\u00e1 hora castle, is dominated by a 1000l brewhouse. It also includes a chalet, a lounge and the original vaulted lager cellars and storerooms. Annual production is 2500 hl. In the brewery we brew bottom and top fermented beers and specials, which are bottled in 20 l, 30 l and 50 l glass bottles and kegs.<\/p>\t\t\t\t\t\t<\/div>\n\t\t\t\t<\/div>\n\t\t\t\t\t<\/div>\n\t\t<\/div>\n\t\t\t\t\t\t\t<\/div>\n\t\t<\/section>\n\t\t\t\t\t<\/div>\n\t\t<\/div>\n\t\t\t\t\t\t\t<\/div>\n\t\t<\/section>\n\t\t\t\t<section class=\"elementor-section elementor-top-section elementor-element elementor-element-e40e100 section-content elementor-section-boxed elementor-section-height-default elementor-section-height-default\" data-id=\"e40e100\" data-element_type=\"section\">\n\t\t\t\t\t\t<div class=\"elementor-container elementor-column-gap-default\">\n\t\t\t\t\t<div class=\"elementor-column elementor-col-100 elementor-top-column elementor-element elementor-element-fa99da1 content-box\" data-id=\"fa99da1\" data-element_type=\"column\">\n\t\t\t<div class=\"elementor-widget-wrap elementor-element-populated\">\n\t\t\t\t\t\t\t\t<section class=\"elementor-section elementor-inner-section elementor-element elementor-element-ead449e elementor-section-boxed elementor-section-height-default elementor-section-height-default\" data-id=\"ead449e\" data-element_type=\"section\">\n\t\t\t\t\t\t<div class=\"elementor-container elementor-column-gap-default\">\n\t\t\t\t\t<div class=\"elementor-column elementor-col-50 elementor-inner-column elementor-element elementor-element-b2a47b4 text-box text-box-left\" data-id=\"b2a47b4\" data-element_type=\"column\">\n\t\t\t<div class=\"elementor-widget-wrap elementor-element-populated\">\n\t\t\t\t\t\t\t\t<div class=\"elementor-element elementor-element-9b2a538 text-box elementor-widget elementor-widget-text-editor\" data-id=\"9b2a538\" data-element_type=\"widget\" data-widget_type=\"text-editor.default\">\n\t\t\t\t<div class=\"elementor-widget-container\">\n\t\t\t\t\t\t\t<h1 class=\"font-hero\">BEERS<\/h1>\n\n<hr \/>\n<p class=\"text-box-paragraph\">We are farmers who, not only because of their love for beer, but also because of their long-standing presence in gastronomy, decided to restore the charm of the local, almost forgotten brewery in Nepomuk.<\/p>\n<a class=\"button-link\" href=\"https:\/\/www.zlatakrava.cz\/piva\/\">EXPLORE<\/a>\t\t\t\t\t\t<\/div>\n\t\t\t\t<\/div>\n\t\t\t\t\t<\/div>\n\t\t<\/div>\n\t\t\t\t<div class=\"elementor-column elementor-col-50 elementor-inner-column elementor-element elementor-element-9aced36\" data-id=\"9aced36\" data-element_type=\"column\">\n\t\t\t<div class=\"elementor-widget-wrap elementor-element-populated\">\n\t\t\t\t\t\t\t\t<div class=\"elementor-element elementor-element-8888b51 elementor-widget elementor-widget-image\" data-id=\"8888b51\" data-element_type=\"widget\" data-widget_type=\"image.default\">\n\t\t\t\t<div class=\"elementor-widget-container\">\n\t\t\t\t\t\t\t\t\t\t\t\t\t\t\t<img loading=\"lazy\" decoding=\"async\" width=\"800\" height=\"577\" src=\"https:\/\/www.hotelnepomuk.cz\/wp-content\/uploads\/2023\/04\/b6d2fc30-5eeb-449a-8d06-51fce911b72c-1024x738.jpg\" class=\"attachment-large size-large wp-image-465\" alt=\"\" srcset=\"https:\/\/www.hotelnepomuk.cz\/wp-content\/uploads\/2023\/04\/b6d2fc30-5eeb-449a-8d06-51fce911b72c-1024x738.jpg 1024w, https:\/\/www.hotelnepomuk.cz\/wp-content\/uploads\/2023\/04\/b6d2fc30-5eeb-449a-8d06-51fce911b72c-300x216.jpg 300w, https:\/\/www.hotelnepomuk.cz\/wp-content\/uploads\/2023\/04\/b6d2fc30-5eeb-449a-8d06-51fce911b72c-768x554.jpg 768w, https:\/\/www.hotelnepomuk.cz\/wp-content\/uploads\/2023\/04\/b6d2fc30-5eeb-449a-8d06-51fce911b72c-1536x1107.jpg 1536w, https:\/\/www.hotelnepomuk.cz\/wp-content\/uploads\/2023\/04\/b6d2fc30-5eeb-449a-8d06-51fce911b72c-2048x1476.jpg 2048w\" sizes=\"auto, (max-width: 800px) 100vw, 800px\" \/>\t\t\t\t\t\t\t\t\t\t\t\t\t\t\t<\/div>\n\t\t\t\t<\/div>\n\t\t\t\t\t<\/div>\n\t\t<\/div>\n\t\t\t\t\t\t\t<\/div>\n\t\t<\/section>\n\t\t\t\t\t<\/div>\n\t\t<\/div>\n\t\t\t\t\t\t\t<\/div>\n\t\t<\/section>\n\t\t\t\t<section class=\"elementor-section elementor-top-section elementor-element elementor-element-1a6670fc elementor-section-full_width elementor-section-height-default elementor-section-height-default\" data-id=\"1a6670fc\" data-element_type=\"section\">\n\t\t\t\t\t\t<div class=\"elementor-container elementor-column-gap-default\">\n\t\t\t\t\t<div class=\"elementor-column elementor-col-100 elementor-top-column elementor-element elementor-element-573b0c50\" data-id=\"573b0c50\" data-element_type=\"column\">\n\t\t\t<div class=\"elementor-widget-wrap elementor-element-populated\">\n\t\t\t\t\t\t\t\t<div class=\"elementor-element elementor-element-3342aeb2 elementor-widget elementor-widget-google_maps\" data-id=\"3342aeb2\" data-element_type=\"widget\" data-widget_type=\"google_maps.default\">\n\t\t\t\t<div class=\"elementor-widget-container\">\n\t\t\t<style>\/*! elementor - v3.15.0 - 31-07-2023 *\/\n.elementor-widget-google_maps .elementor-widget-container{overflow:hidden}.elementor-widget-google_maps .elementor-custom-embed{line-height:0}.elementor-widget-google_maps iframe{height:300px}<\/style>\t\t<div class=\"elementor-custom-embed\">\n\t\t\t<iframe loading=\"lazy\"\n\t\t\t\t\tsrc=\"https:\/\/maps.google.com\/maps?q=N%C3%A1m.%20Augustina%20N%C4%9Bmejce%20416&#038;t=m&#038;z=14&#038;output=embed&#038;iwloc=near\"\n\t\t\t\t\ttitle=\"Square. Augustina N\u011bmejce 416\"\n\t\t\t\t\taria-label=\"Square. Augustina N\u011bmejce 416\"\n\t\t\t><\/iframe>\n\t\t<\/div>\n\t\t\t\t<\/div>\n\t\t\t\t<\/div>\n\t\t\t\t\t<\/div>\n\t\t<\/div>\n\t\t\t\t\t\t\t<\/div>\n\t\t<\/section>\n\t\t\t\t\t\t\t<\/div>","protected":false},"excerpt":{"rendered":"<p>ABOUT THE BREWERY Our hotel grounds include a family-run mini brewery Zlat\u00e1 kr\u00e1va. We are farmers who, not only because of their love for beer, but also because of their long-standing presence in the gastronomy industry, decided to restore the charm of the local, almost forgotten brewery in Nepomuk. The vision is to brew beer from quality ingredients, deliver it to customers in the best quality [...]<\/p>","protected":false},"author":1,"featured_media":0,"parent":0,"menu_order":0,"comment_status":"closed","ping_status":"closed","template":"","meta":{"footnotes":""},"class_list":["post-18","page","type-page","status-publish","hentry"],"acf":[],"yoast_head":"<!-- This site is optimized with the Yoast SEO plugin v20.12 - https:\/\/yoast.com\/wordpress\/plugins\/seo\/ -->\n<title>Pivovar - Hotel Nepomuk<\/title>\n<meta name=\"description\" content=\"Sou\u010d\u00e1st\u00ed are\u00e1lu na\u0161eho hotelu je i rodinn\u00fd mini pivovar Zlat\u00e1 kr\u00e1va.\" \/>\n<meta name=\"robots\" content=\"index, follow, max-snippet:-1, max-image-preview:large, max-video-preview:-1\" \/>\n<link rel=\"canonical\" href=\"https:\/\/www.hotelnepomuk.cz\/en\/pivovar\/\" \/>\n<meta property=\"og:locale\" content=\"en_GB\" \/>\n<meta property=\"og:type\" content=\"article\" \/>\n<meta property=\"og:title\" content=\"Pivovar - Hotel Nepomuk\" \/>\n<meta property=\"og:description\" content=\"Sou\u010d\u00e1st\u00ed are\u00e1lu na\u0161eho hotelu je i rodinn\u00fd mini pivovar Zlat\u00e1 kr\u00e1va.\" \/>\n<meta property=\"og:url\" content=\"https:\/\/www.hotelnepomuk.cz\/en\/pivovar\/\" \/>\n<meta property=\"og:site_name\" content=\"Hotel Nepomuk\" \/>\n<meta property=\"article:publisher\" content=\"https:\/\/www.facebook.com\/pivnihotel\/\" \/>\n<meta property=\"article:modified_time\" content=\"2023-08-02T12:40:12+00:00\" \/>\n<meta property=\"og:image\" content=\"http:\/\/www.hotelnepomuk.cz\/wp-content\/uploads\/2023\/04\/68b788c4-f8d1-4000-a275-275676270d83-1024x682.jpg\" \/>\n<meta name=\"twitter:card\" content=\"summary_large_image\" \/>\n<meta name=\"twitter:label1\" content=\"Estimated reading time\" \/>\n\t<meta name=\"twitter:data1\" content=\"3 minutes\" \/>\n<script type=\"application\/ld+json\" class=\"yoast-schema-graph\">{\"@context\":\"https:\/\/schema.org\",\"@graph\":[{\"@type\":\"WebPage\",\"@id\":\"https:\/\/www.hotelnepomuk.cz\/pivovar\/\",\"url\":\"https:\/\/www.hotelnepomuk.cz\/pivovar\/\",\"name\":\"Pivovar - Hotel Nepomuk\",\"isPartOf\":{\"@id\":\"https:\/\/www.hotelnepomuk.cz\/#website\"},\"datePublished\":\"2023-04-18T13:27:14+00:00\",\"dateModified\":\"2023-08-02T12:40:12+00:00\",\"description\":\"Sou\u010d\u00e1st\u00ed are\u00e1lu na\u0161eho hotelu je i rodinn\u00fd mini pivovar Zlat\u00e1 kr\u00e1va.\",\"breadcrumb\":{\"@id\":\"https:\/\/www.hotelnepomuk.cz\/pivovar\/#breadcrumb\"},\"inLanguage\":\"en-GB\",\"potentialAction\":[{\"@type\":\"ReadAction\",\"target\":[\"https:\/\/www.hotelnepomuk.cz\/pivovar\/\"]}]},{\"@type\":\"BreadcrumbList\",\"@id\":\"https:\/\/www.hotelnepomuk.cz\/pivovar\/#breadcrumb\",\"itemListElement\":[{\"@type\":\"ListItem\",\"position\":1,\"name\":\"Dom\u016f\",\"item\":\"https:\/\/www.hotelnepomuk.cz\/\"},{\"@type\":\"ListItem\",\"position\":2,\"name\":\"Pivovar\"}]},{\"@type\":\"WebSite\",\"@id\":\"https:\/\/www.hotelnepomuk.cz\/#website\",\"url\":\"https:\/\/www.hotelnepomuk.cz\/\",\"name\":\"Hotel Nepomuk\",\"description\":\"Hotel Nepomuk\",\"publisher\":{\"@id\":\"https:\/\/www.hotelnepomuk.cz\/#organization\"},\"potentialAction\":[{\"@type\":\"SearchAction\",\"target\":{\"@type\":\"EntryPoint\",\"urlTemplate\":\"https:\/\/www.hotelnepomuk.cz\/?s={search_term_string}\"},\"query-input\":\"required name=search_term_string\"}],\"inLanguage\":\"en-GB\"},{\"@type\":\"Organization\",\"@id\":\"https:\/\/www.hotelnepomuk.cz\/#organization\",\"name\":\"Hotel U Zelen\u00e9ho stromu Nepomuk\",\"url\":\"https:\/\/www.hotelnepomuk.cz\/\",\"logo\":{\"@type\":\"ImageObject\",\"inLanguage\":\"en-GB\",\"@id\":\"https:\/\/www.hotelnepomuk.cz\/#\/schema\/logo\/image\/\",\"url\":\"https:\/\/www.hotelnepomuk.cz\/wp-content\/uploads\/2023\/07\/cropped-original_053f3757-6152-491b-8142-aba1c3941798.png\",\"contentUrl\":\"https:\/\/www.hotelnepomuk.cz\/wp-content\/uploads\/2023\/07\/cropped-original_053f3757-6152-491b-8142-aba1c3941798.png\",\"width\":512,\"height\":512,\"caption\":\"Hotel U Zelen\u00e9ho stromu Nepomuk\"},\"image\":{\"@id\":\"https:\/\/www.hotelnepomuk.cz\/#\/schema\/logo\/image\/\"},\"sameAs\":[\"https:\/\/www.facebook.com\/pivnihotel\/\",\"https:\/\/www.instagram.com\/pivnihotel\/\"]}]}<\/script>\n<!-- \/ Yoast SEO plugin. -->","yoast_head_json":{"title":"Pivovar - Hotel Nepomuk","description":"Sou\u010d\u00e1st\u00ed are\u00e1lu na\u0161eho hotelu je i rodinn\u00fd mini pivovar Zlat\u00e1 kr\u00e1va.","robots":{"index":"index","follow":"follow","max-snippet":"max-snippet:-1","max-image-preview":"max-image-preview:large","max-video-preview":"max-video-preview:-1"},"canonical":"https:\/\/www.hotelnepomuk.cz\/en\/pivovar\/","og_locale":"en_GB","og_type":"article","og_title":"Pivovar - Hotel Nepomuk","og_description":"Sou\u010d\u00e1st\u00ed are\u00e1lu na\u0161eho hotelu je i rodinn\u00fd mini pivovar Zlat\u00e1 kr\u00e1va.","og_url":"https:\/\/www.hotelnepomuk.cz\/en\/pivovar\/","og_site_name":"Hotel Nepomuk","article_publisher":"https:\/\/www.facebook.com\/pivnihotel\/","article_modified_time":"2023-08-02T12:40:12+00:00","og_image":[{"url":"http:\/\/www.hotelnepomuk.cz\/wp-content\/uploads\/2023\/04\/68b788c4-f8d1-4000-a275-275676270d83-1024x682.jpg"}],"twitter_card":"summary_large_image","twitter_misc":{"Estimated reading time":"3 minutes"},"schema":{"@context":"https:\/\/schema.org","@graph":[{"@type":"WebPage","@id":"https:\/\/www.hotelnepomuk.cz\/pivovar\/","url":"https:\/\/www.hotelnepomuk.cz\/pivovar\/","name":"Pivovar - Hotel Nepomuk","isPartOf":{"@id":"https:\/\/www.hotelnepomuk.cz\/#website"},"datePublished":"2023-04-18T13:27:14+00:00","dateModified":"2023-08-02T12:40:12+00:00","description":"Sou\u010d\u00e1st\u00ed are\u00e1lu na\u0161eho hotelu je i rodinn\u00fd mini pivovar Zlat\u00e1 kr\u00e1va.","breadcrumb":{"@id":"https:\/\/www.hotelnepomuk.cz\/pivovar\/#breadcrumb"},"inLanguage":"en-GB","potentialAction":[{"@type":"ReadAction","target":["https:\/\/www.hotelnepomuk.cz\/pivovar\/"]}]},{"@type":"BreadcrumbList","@id":"https:\/\/www.hotelnepomuk.cz\/pivovar\/#breadcrumb","itemListElement":[{"@type":"ListItem","position":1,"name":"Dom\u016f","item":"https:\/\/www.hotelnepomuk.cz\/"},{"@type":"ListItem","position":2,"name":"Pivovar"}]},{"@type":"WebSite","@id":"https:\/\/www.hotelnepomuk.cz\/#website","url":"https:\/\/www.hotelnepomuk.cz\/","name":"Hotel Nepomuk","description":"Hotel Nepomuk","publisher":{"@id":"https:\/\/www.hotelnepomuk.cz\/#organization"},"potentialAction":[{"@type":"SearchAction","target":{"@type":"EntryPoint","urlTemplate":"https:\/\/www.hotelnepomuk.cz\/?s={search_term_string}"},"query-input":"required name=search_term_string"}],"inLanguage":"en-GB"},{"@type":"Organization","@id":"https:\/\/www.hotelnepomuk.cz\/#organization","name":"Hotel U Zelen\u00e9ho stromu Nepomuk","url":"https:\/\/www.hotelnepomuk.cz\/","logo":{"@type":"ImageObject","inLanguage":"en-GB","@id":"https:\/\/www.hotelnepomuk.cz\/#\/schema\/logo\/image\/","url":"https:\/\/www.hotelnepomuk.cz\/wp-content\/uploads\/2023\/07\/cropped-original_053f3757-6152-491b-8142-aba1c3941798.png","contentUrl":"https:\/\/www.hotelnepomuk.cz\/wp-content\/uploads\/2023\/07\/cropped-original_053f3757-6152-491b-8142-aba1c3941798.png","width":512,"height":512,"caption":"Hotel U Zelen\u00e9ho stromu Nepomuk"},"image":{"@id":"https:\/\/www.hotelnepomuk.cz\/#\/schema\/logo\/image\/"},"sameAs":["https:\/\/www.facebook.com\/pivnihotel\/","https:\/\/www.instagram.com\/pivnihotel\/"]}]}},"_links":{"self":[{"href":"https:\/\/www.hotelnepomuk.cz\/en\/wp-json\/wp\/v2\/pages\/18","targetHints":{"allow":["GET"]}}],"collection":[{"href":"https:\/\/www.hotelnepomuk.cz\/en\/wp-json\/wp\/v2\/pages"}],"about":[{"href":"https:\/\/www.hotelnepomuk.cz\/en\/wp-json\/wp\/v2\/types\/page"}],"author":[{"embeddable":true,"href":"https:\/\/www.hotelnepomuk.cz\/en\/wp-json\/wp\/v2\/users\/1"}],"replies":[{"embeddable":true,"href":"https:\/\/www.hotelnepomuk.cz\/en\/wp-json\/wp\/v2\/comments?post=18"}],"version-history":[{"count":1,"href":"https:\/\/www.hotelnepomuk.cz\/en\/wp-json\/wp\/v2\/pages\/18\/revisions"}],"predecessor-version":[{"id":1439,"href":"https:\/\/www.hotelnepomuk.cz\/en\/wp-json\/wp\/v2\/pages\/18\/revisions\/1439"}],"wp:attachment":[{"href":"https:\/\/www.hotelnepomuk.cz\/en\/wp-json\/wp\/v2\/media?parent=18"}],"curies":[{"name":"wp","href":"https:\/\/api.w.org\/{rel}","templated":true}]}}